{"id":445,"date":"2023-01-07T12:51:49","date_gmt":"2023-01-07T12:51:49","guid":{"rendered":"http:\/\/fcindustrial.ro\/?page_id=445"},"modified":"2023-01-07T12:51:51","modified_gmt":"2023-01-07T12:51:51","slug":"despre-noi","status":"publish","type":"page","link":"http:\/\/fcindustrial.ro\/index.php\/despre-noi\/","title":{"rendered":"Despre noi"},"content":{"rendered":"\n<figure class=\"wp-block-image size-large\"><img fetchpriority=\"high\" decoding=\"async\" width=\"1024\" height=\"576\" src=\"http:\/\/fcindustrial.ro\/wp-content\/uploads\/2022\/12\/WhatsApp-Image-2022-11-22-at-15.41.18-1-1024x576.jpeg\" alt=\"\" class=\"wp-image-200\" srcset=\"http:\/\/fcindustrial.ro\/wp-content\/uploads\/2022\/12\/WhatsApp-Image-2022-11-22-at-15.41.18-1-1024x576.jpeg 1024w, http:\/\/fcindustrial.ro\/wp-content\/uploads\/2022\/12\/WhatsApp-Image-2022-11-22-at-15.41.18-1-300x169.jpeg 300w, http:\/\/fcindustrial.ro\/wp-content\/uploads\/2022\/12\/WhatsApp-Image-2022-11-22-at-15.41.18-1-768x432.jpeg 768w, http:\/\/fcindustrial.ro\/wp-content\/uploads\/2022\/12\/WhatsApp-Image-2022-11-22-at-15.41.18-1-1536x864.jpeg 1536w, http:\/\/fcindustrial.ro\/wp-content\/uploads\/2022\/12\/WhatsApp-Image-2022-11-22-at-15.41.18-1.jpeg 2000w\" sizes=\"(max-width: 1024px) 100vw, 1024px\" \/><\/figure>\n\n\n\n<p class=\"has-text-align-center\">FC Servizi Industrial Equipment SRL este o societate responsabil\u0103 care \u00eencearca \u00een permanen\u021b\u0103 s\u0103 g\u0103seasc\u0103 \u0219i s\u0103 men\u021bin\u0103 echilibrul \u00eentre oameni, planet\u0103 \u0219i profit.<\/p>\n\n\n\n<p class=\"has-text-align-center\">Societatea noastr\u0103 este specializat\u0103 pe confec\u021bionarea \u0219i debitarea elementelor metalice, sisteme complete de reciclare \u0219i mobilier urban. <\/p>\n","protected":false},"excerpt":{"rendered":"<p>FC Servizi Industrial Equipment SRL este o societate responsabil\u0103 care \u00eencearca \u00een permanen\u021b\u0103 s\u0103 g\u0103seasc\u0103 \u0219i s\u0103 men\u021bin\u0103 echilibrul \u00eentre oameni, planet\u0103 \u0219i profit. Societatea noastr\u0103 este specializat\u0103 pe confec\u021bionarea \u0219i debitarea elementelor metalice, sisteme complete de reciclare \u0219i mobilier urban.<\/p>\n","protected":false},"author":1,"featured_media":0,"parent":0,"menu_order":0,"comment_status":"closed","ping_status":"closed","template":"","meta":{"_eb_attr":""},"yoast_head":"<!-- This site is optimized with the Yoast SEO plugin v20.1 - https:\/\/yoast.com\/wordpress\/plugins\/seo\/ -->\n<title>Despre noi - FCIndustrial<\/title>\n<meta name=\"robots\" content=\"index, follow, max-snippet:-1, max-image-preview:large, max-video-preview:-1\" \/>\n<link rel=\"canonical\" href=\"http:\/\/fcindustrial.ro\/index.php\/despre-noi\/\" \/>\n<meta property=\"og:locale\" content=\"en_US\" \/>\n<meta property=\"og:type\" content=\"article\" \/>\n<meta property=\"og:title\" content=\"Despre noi - FCIndustrial\" \/>\n<meta property=\"og:description\" content=\"FC Servizi Industrial Equipment SRL este o societate responsabil\u0103 care \u00eencearca \u00een permanen\u021b\u0103 s\u0103 g\u0103seasc\u0103 \u0219i s\u0103 men\u021bin\u0103 echilibrul \u00eentre oameni, planet\u0103 \u0219i profit. Societatea noastr\u0103 este specializat\u0103 pe confec\u021bionarea \u0219i debitarea elementelor metalice, sisteme complete de reciclare \u0219i mobilier urban.\" \/>\n<meta property=\"og:url\" content=\"http:\/\/fcindustrial.ro\/index.php\/despre-noi\/\" \/>\n<meta property=\"og:site_name\" content=\"FCIndustrial\" \/>\n<meta property=\"article:publisher\" content=\"https:\/\/www.facebook.com\/fcindustrialequipment\/\" \/>\n<meta property=\"article:modified_time\" content=\"2023-01-07T12:51:51+00:00\" \/>\n<meta property=\"og:image\" content=\"http:\/\/fcindustrial.ro\/wp-content\/uploads\/2022\/12\/WhatsApp-Image-2022-11-22-at-15.41.18-1-1024x576.jpeg\" \/>\n<meta name=\"twitter:card\" content=\"summary_large_image\" \/>\n<script type=\"application\/ld+json\" class=\"yoast-schema-graph\">{\"@context\":\"https:\/\/schema.org\",\"@graph\":[{\"@type\":\"WebPage\",\"@id\":\"http:\/\/fcindustrial.ro\/index.php\/despre-noi\/\",\"url\":\"http:\/\/fcindustrial.ro\/index.php\/despre-noi\/\",\"name\":\"Despre noi - FCIndustrial\",\"isPartOf\":{\"@id\":\"http:\/\/fcindustrial.ro\/#website\"},\"datePublished\":\"2023-01-07T12:51:49+00:00\",\"dateModified\":\"2023-01-07T12:51:51+00:00\",\"breadcrumb\":{\"@id\":\"http:\/\/fcindustrial.ro\/index.php\/despre-noi\/#breadcrumb\"},\"inLanguage\":\"en-US\",\"potentialAction\":[{\"@type\":\"ReadAction\",\"target\":[\"http:\/\/fcindustrial.ro\/index.php\/despre-noi\/\"]}]},{\"@type\":\"BreadcrumbList\",\"@id\":\"http:\/\/fcindustrial.ro\/index.php\/despre-noi\/#breadcrumb\",\"itemListElement\":[{\"@type\":\"ListItem\",\"position\":1,\"name\":\"Home\",\"item\":\"http:\/\/fcindustrial.ro\/\"},{\"@type\":\"ListItem\",\"position\":2,\"name\":\"Despre noi\"}]},{\"@type\":\"WebSite\",\"@id\":\"http:\/\/fcindustrial.ro\/#website\",\"url\":\"http:\/\/fcindustrial.ro\/\",\"name\":\"FCIndustrial\",\"description\":\"\",\"publisher\":{\"@id\":\"http:\/\/fcindustrial.ro\/#organization\"},\"potentialAction\":[{\"@type\":\"SearchAction\",\"target\":{\"@type\":\"EntryPoint\",\"urlTemplate\":\"http:\/\/fcindustrial.ro\/?s={search_term_string}\"},\"query-input\":\"required name=search_term_string\"}],\"inLanguage\":\"en-US\"},{\"@type\":\"Organization\",\"@id\":\"http:\/\/fcindustrial.ro\/#organization\",\"name\":\"FCIndustrial\",\"url\":\"http:\/\/fcindustrial.ro\/\",\"logo\":{\"@type\":\"ImageObject\",\"inLanguage\":\"en-US\",\"@id\":\"http:\/\/fcindustrial.ro\/#\/schema\/logo\/image\/\",\"url\":\"http:\/\/fcindustrial.ro\/wp-content\/uploads\/2022\/12\/cropped-index_html_4314ab9edb7054f9-1.jpg\",\"contentUrl\":\"http:\/\/fcindustrial.ro\/wp-content\/uploads\/2022\/12\/cropped-index_html_4314ab9edb7054f9-1.jpg\",\"width\":1280,\"height\":409,\"caption\":\"FCIndustrial\"},\"image\":{\"@id\":\"http:\/\/fcindustrial.ro\/#\/schema\/logo\/image\/\"},\"sameAs\":[\"https:\/\/www.facebook.com\/fcindustrialequipment\/\"]}]}<\/script>\n<!-- \/ Yoast SEO plugin. -->","yoast_head_json":{"title":"Despre noi - FCIndustrial","robots":{"index":"index","follow":"follow","max-snippet":"max-snippet:-1","max-image-preview":"max-image-preview:large","max-video-preview":"max-video-preview:-1"},"canonical":"http:\/\/fcindustrial.ro\/index.php\/despre-noi\/","og_locale":"en_US","og_type":"article","og_title":"Despre noi - FCIndustrial","og_description":"FC Servizi Industrial Equipment SRL este o societate responsabil\u0103 care \u00eencearca \u00een permanen\u021b\u0103 s\u0103 g\u0103seasc\u0103 \u0219i s\u0103 men\u021bin\u0103 echilibrul \u00eentre oameni, planet\u0103 \u0219i profit. Societatea noastr\u0103 este specializat\u0103 pe confec\u021bionarea \u0219i debitarea elementelor metalice, sisteme complete de reciclare \u0219i mobilier urban.","og_url":"http:\/\/fcindustrial.ro\/index.php\/despre-noi\/","og_site_name":"FCIndustrial","article_publisher":"https:\/\/www.facebook.com\/fcindustrialequipment\/","article_modified_time":"2023-01-07T12:51:51+00:00","og_image":[{"url":"http:\/\/fcindustrial.ro\/wp-content\/uploads\/2022\/12\/WhatsApp-Image-2022-11-22-at-15.41.18-1-1024x576.jpeg"}],"twitter_card":"summary_large_image","schema":{"@context":"https:\/\/schema.org","@graph":[{"@type":"WebPage","@id":"http:\/\/fcindustrial.ro\/index.php\/despre-noi\/","url":"http:\/\/fcindustrial.ro\/index.php\/despre-noi\/","name":"Despre noi - FCIndustrial","isPartOf":{"@id":"http:\/\/fcindustrial.ro\/#website"},"datePublished":"2023-01-07T12:51:49+00:00","dateModified":"2023-01-07T12:51:51+00:00","breadcrumb":{"@id":"http:\/\/fcindustrial.ro\/index.php\/despre-noi\/#breadcrumb"},"inLanguage":"en-US","potentialAction":[{"@type":"ReadAction","target":["http:\/\/fcindustrial.ro\/index.php\/despre-noi\/"]}]},{"@type":"BreadcrumbList","@id":"http:\/\/fcindustrial.ro\/index.php\/despre-noi\/#breadcrumb","itemListElement":[{"@type":"ListItem","position":1,"name":"Home","item":"http:\/\/fcindustrial.ro\/"},{"@type":"ListItem","position":2,"name":"Despre noi"}]},{"@type":"WebSite","@id":"http:\/\/fcindustrial.ro\/#website","url":"http:\/\/fcindustrial.ro\/","name":"FCIndustrial","description":"","publisher":{"@id":"http:\/\/fcindustrial.ro\/#organization"},"potentialAction":[{"@type":"SearchAction","target":{"@type":"EntryPoint","urlTemplate":"http:\/\/fcindustrial.ro\/?s={search_term_string}"},"query-input":"required name=search_term_string"}],"inLanguage":"en-US"},{"@type":"Organization","@id":"http:\/\/fcindustrial.ro\/#organization","name":"FCIndustrial","url":"http:\/\/fcindustrial.ro\/","logo":{"@type":"ImageObject","inLanguage":"en-US","@id":"http:\/\/fcindustrial.ro\/#\/schema\/logo\/image\/","url":"http:\/\/fcindustrial.ro\/wp-content\/uploads\/2022\/12\/cropped-index_html_4314ab9edb7054f9-1.jpg","contentUrl":"http:\/\/fcindustrial.ro\/wp-content\/uploads\/2022\/12\/cropped-index_html_4314ab9edb7054f9-1.jpg","width":1280,"height":409,"caption":"FCIndustrial"},"image":{"@id":"http:\/\/fcindustrial.ro\/#\/schema\/logo\/image\/"},"sameAs":["https:\/\/www.facebook.com\/fcindustrialequipment\/"]}]}},"_links":{"self":[{"href":"http:\/\/fcindustrial.ro\/index.php\/wp-json\/wp\/v2\/pages\/445"}],"collection":[{"href":"http:\/\/fcindustrial.ro\/index.php\/wp-json\/wp\/v2\/pages"}],"about":[{"href":"http:\/\/fcindustrial.ro\/index.php\/wp-json\/wp\/v2\/types\/page"}],"author":[{"embeddable":true,"href":"http:\/\/fcindustrial.ro\/index.php\/wp-json\/wp\/v2\/users\/1"}],"replies":[{"embeddable":true,"href":"http:\/\/fcindustrial.ro\/index.php\/wp-json\/wp\/v2\/comments?post=445"}],"version-history":[{"count":1,"href":"http:\/\/fcindustrial.ro\/index.php\/wp-json\/wp\/v2\/pages\/445\/revisions"}],"predecessor-version":[{"id":446,"href":"http:\/\/fcindustrial.ro\/index.php\/wp-json\/wp\/v2\/pages\/445\/revisions\/446"}],"wp:attachment":[{"href":"http:\/\/fcindustrial.ro\/index.php\/wp-json\/wp\/v2\/media?parent=445"}],"curies":[{"name":"wp","href":"https:\/\/api.w.org\/{rel}","templated":true}]}}